{"id":856,"date":"2016-03-01T21:52:38","date_gmt":"2016-03-02T03:52:38","guid":{"rendered":"http:\/\/www.skovmose-camping.dk\/index.php\/home-page\/"},"modified":"2019-03-06T17:56:06","modified_gmt":"2019-03-06T16:56:06","slug":"home-page","status":"publish","type":"page","link":"https:\/\/skovmose-camping.dk\/index.php\/home-page\/","title":{"rendered":"<span class=\"live-editor-title live-editor-title-856\" data-post-id=\"856\" data-post-date=\"2016-03-01 21:52:38\">Home Page<\/span>"},"content":{"rendered":"<div class=\"live-editor-content live-editor-content856\" data-post-id=\"856\" data-post-date=\"2016-03-01 21:52:38\"><p style=\"text-align: center;\">Sjov &amp; afslapning til hele familien<\/p><h1 style=\"text-align: center;\">Strand Camping ved Danmarks flotteste strand<\/h1><p style=\"margin-bottom: 0px; text-align: center;\">5.4.2019 \u2013 22.9.2019<\/p><p style=\"text-align: center;\"><a href=\"#buchen\">Book din ferie nu<\/a><\/p><p>Overnatning<\/p><h2>Luksus Hytter<\/h2><p>Hver af vores luksushytter er 25 kvm store og indrettet til 7 personer.<\/p><p> Booker du en af vores luksushytter p\u00e5 Skovmose Camping, kan du gl\u00e6de dig til et fantastisk ophold i en et moderne feriehjem. I hver af de 10 hytter kan I nyde den sk\u00f6nne udsigt og skimte havet. Denne overnatningsmulighed er beregnet til b\u00e5de jer, som vil grille sammen med vennerne eller bare nyde solen i dagstimerne. <\/p><p><a href=\"http:\/\/www.skovmose-camping.dk\/wp-content\/uploads\/2016\/03\/IMG_4018.jpg\" target=\"_self\" itemprop=\"url\"><br \/><img decoding=\"async\" src=\"http:\/\/www.skovmose-camping.dk\/wp-content\/uploads\/2016\/03\/IMG_4018-1024x768.jpg\" alt=\"IMG_4018\" itemprop=\"image\" \/><br \/><\/a><\/p><p>Tv, DVD og Radio, er noget af det interior I kan regne med under jeres ophold i vores luksus hytter. Hytterne er udrustet med eget toilet &#038; bruser. S\u00e5ledes er I ikke n\u00f8dsaget til at bruge de offentlige toilet faciliteter, som er tilg\u00e6ngelige for alle campingpladsens g\u00e6ster.<\/p><p> I k\u00f8kkenet finder I et glaskeramisk-komfur, varmluftsovn und opvaskemaskine. \u00d8nsker I en dag at spise med flere personer &#8211; har vi selvf\u00f8lgelig s\u00f8rget for ekstra service, s\u00e5 I kan spise med op til 12 Personen ved det store bord i k\u00f8kken\/alrum eller p\u00e5 terrassen.<\/p><p><\/p><p>Vidste du&#8230;<\/p><h3>At hunde er mere end <em>velkommen<\/em> hos os og udover det <em>gratis<\/em>.<\/h3><p>Til b\u00f8rnene<\/p><h2>Hoppepude &amp; Pirater<\/h2><p>P\u00e5 vores store legeplads finder I bl.a. et piratskib og hamsterhjul til ungerne. Derudover arrangerer vi l\u00f8bende sm\u00e5 sammenkomster med f.eks. snogbr\u00f8ds-lavning.<\/p><ul><li>P\u00e5ske\u00e6g jagt <strong>21.04.2019<\/strong><\/li><li>Snogbr\u00f8d <strong>1 x ugentligt<\/strong><\/li><\/ul><p><a href=\"http:\/\/www.skovmose-camping.dk\/wp-content\/uploads\/2016\/03\/IMG_4071.jpg\" target=\"_self\" itemprop=\"url\"><br \/><img decoding=\"async\" src=\"http:\/\/www.skovmose-camping.dk\/CMS\/wp-content\/uploads\/2016\/03\/IMG_4071-1024x717.jpg\" alt=\"IMG_4071\" itemprop=\"image\" \/><br \/><\/a><br \/><img decoding=\"async\" src=\"http:\/\/www.skovmose-camping.dk\/wp-content\/uploads\/2016\/03\/13708255_944004085721891_7200382581315149272_o.jpg\" alt=\"13708255_944004085721891_7200382581315149272_o\" itemprop=\"image\" \/><\/p><p>Action for alle<\/p><h2>Fiskeri, surfing &amp; sejlads<\/h2><p><\/p><p>Sm\u00e5 veje langs kysten byder ind, til en hyggelig cykeltur til bl.a. Kegn\u00e6s. Men ogs\u00e5 wind- &#038; kitesurfere, lystfiskere og sejlere kommer ikke til kort p\u00e5 vores strand. Bade\u00f8en og volleyball nettet s\u00f8rger for mange timers sjov &#8211; ogs\u00e5 til de mindste g\u00e6ster.<\/p><p>Fiskerimulighederne p\u00e5 Kegn\u00e6s er uovertruffne og derfor kommer flere og flere lystfiskere til vores idylliske \u00f8stkyst. Ved receptionen f\u00e5r I mere information og fiske-muligheder og udlejning af b\u00e5de.<\/p><p>Ring til os p\u00e5 +45 74 40 41 33<\/p><h2>Priser &amp; Campingpladsen<\/h2><p>Vi er stolte over at kunne tilbyde jer et afslappende ophold p\u00e5 Als&#8216; flotteste kyst. Den brede hvide sandstrand og de klare vand i Flensborgs Fjord er en sikker vinder for hele familien i alle aldergrupper. En god ferie er garanteret!<\/p><table border=\"0\"><tbody><tr><th><h3>Luksus Hytte med toilet<\/h3><\/th><th>Per nat<\/th><th>7 n\u00e6tter<\/th><\/tr><tr><td>F\u00f8r-s\u00e6son<\/td><td>326,- DKK + afgifter<\/td><td>2282,- DKK + afgifter<\/td><\/tr><tr><td>Hoveds\u00e6son\u00a0<em>(06.07.19 \u2013 17.08.19)<\/em><\/td><td>&#8211;<\/td><td>3000,- DKK + afgifter<\/td><\/tr><tr><td>Efter-s\u00e6son<\/td><td>326 DKK + afgifter<\/td><td>2282 DKK + afgifter<\/td><\/tr><tr><th><h3>Hytter uden toilet<\/h3><\/th><th><\/th><th><\/th><\/tr><tr><td>F\u00f8r-s\u00e6son<\/td><td>225,- DKK + afgifter<\/td><td>1575,- DKK + afgifter<\/td><\/tr><tr><td>Hoveds\u00e6son\u00a0<em>(06.07.19 \u2013 17.08.19)<\/em><\/td><td>&#8211;<\/td><td>1993,- DKK + afgifter<\/td><\/tr><tr><td>Nachsaison<\/td><td>255,- DKK + afgifter<\/td><td>1575,- DKK + afgifter<\/td><\/tr><tr><th><h3>Afgifter<\/h3><\/th><th colspan=\"2\"><\/th><\/tr><tr><td>Voksene<\/td><td colspan=\"2\">72,50 DKK<\/td><\/tr><tr><td>B\u00f8rn<\/td><td colspan=\"2\">40,- DKK<\/td><\/tr><tr><th><h3>Camping<\/h3><\/th><th><\/th><th><\/th><\/tr><tr><td>Voksene<\/td><td>72,50 DKK<\/td><td><\/td><\/tr><tr><td>B\u00f8rn<\/td><td>40,- DKK<\/td><td><\/td><\/tr><tr><td>Str\u00f8m<\/td><td>27,- DKK<\/td><td><\/td><\/tr><tr><td>Grundgebyrer<\/td><td>27,- DKK<\/td><td><em>(kun i hoveds\u00e6sonen)\u00a0<\/em><em>(06.07.19 \u2013 17.08.19)<\/em><\/td><\/tr><tr><th><h3>S\u00e6sonplads<\/h3><\/th><th colspan=\"2\">7740,- DKK \/ \u00e5r + str\u00f8m<br \/>Vi har ledige pladser<\/th><\/tr><\/tbody><\/table><p><a href=\"http:\/\/www.skovmose-camping.dk\/wp-content\/uploads\/2016\/03\/platz.jpg\" target=\"_self\" itemprop=\"url\"><br \/><img decoding=\"async\" src=\"http:\/\/www.skovmose-camping.dk\/wp-content\/uploads\/2016\/03\/platz.jpg\" alt=\"Skovmose camping Platzplan\" itemprop=\"image\" \/><br \/><\/a><\/p><p>Er I klar til ferie?<\/p><h2>S\u00e5 g\u00e5r turen til Skovmose-Camping<\/h2><\/div>","protected":false},"excerpt":{"rendered":"<p>Sjov &amp; afslapning til hele familienStrand Camping ved Danmarks flotteste strand5.4.2019 \u2013 22.9.2019Book din ferie nuOvernatningLuksus HytterHver af vores luksushytter er 25 kvm store og indrettet til 7 personer. Booker du en af vores luksushytter p\u00e5 Skovmose Camping, kan du &hellip;<\/p>\n","protected":false},"author":1,"featured_media":0,"parent":0,"menu_order":0,"comment_status":"closed","ping_status":"closed","template":"","meta":{"footnotes":""},"_links":{"self":[{"href":"https:\/\/skovmose-camping.dk\/index.php\/wp-json\/wp\/v2\/pages\/856"}],"collection":[{"href":"https:\/\/skovmose-camping.dk\/index.php\/wp-json\/wp\/v2\/pages"}],"about":[{"href":"https:\/\/skovmose-camping.dk\/index.php\/wp-json\/wp\/v2\/types\/page"}],"author":[{"embeddable":true,"href":"https:\/\/skovmose-camping.dk\/index.php\/wp-json\/wp\/v2\/users\/1"}],"replies":[{"embeddable":true,"href":"https:\/\/skovmose-camping.dk\/index.php\/wp-json\/wp\/v2\/comments?post=856"}],"version-history":[{"count":5,"href":"https:\/\/skovmose-camping.dk\/index.php\/wp-json\/wp\/v2\/pages\/856\/revisions"}],"predecessor-version":[{"id":1722,"href":"https:\/\/skovmose-camping.dk\/index.php\/wp-json\/wp\/v2\/pages\/856\/revisions\/1722"}],"wp:attachment":[{"href":"https:\/\/skovmose-camping.dk\/index.php\/wp-json\/wp\/v2\/media?parent=856"}],"curies":[{"name":"wp","href":"https:\/\/api.w.org\/{rel}","templated":true}]}}