{"id":40,"date":"2016-03-01T21:52:38","date_gmt":"2016-03-02T03:52:38","guid":{"rendered":"http:\/\/para.llel.us\/themes\/caliber\/demo\/?page_id=40"},"modified":"2025-04-09T20:03:59","modified_gmt":"2025-04-09T18:03:59","slug":"home-page-2","status":"publish","type":"page","link":"https:\/\/skovmose-camping.dk\/","title":{"rendered":"<span class=\"live-editor-title live-editor-title-40\" data-post-id=\"40\" data-post-date=\"2016-03-01 21:52:38\">Home Page<\/span>"},"content":{"rendered":"<div class=\"live-editor-content live-editor-content40\" data-post-id=\"40\" data-post-date=\"2016-03-01 21:52:38\"><p><\/p><p style=\"text-align: center;\">Entspannung &amp; Spass f\u00fcr die ganze familie<\/p><h1 style=\"text-align: center;\">Strand Camping am sch\u00f6nsten Strand D\u00e4nemarks<\/h1><p><\/p><p style=\"margin-bottom: 0px; text-align: center;\">Saison 2025<br \/>28.3.2025 &#8211; 14.9.2025<\/p><p>Unterkunft<\/p><h2>Luxus H\u00fctten<\/h2><p>Jede der Luxus H\u00fctten ist 25 Quadratmeter gross und f\u00fcr bis zu 7 personen eingerichtet.<\/p><p> Wenn sie eine Luxus H\u00fctte auf Skovmose Camping mieten, bekommen Sie ein sehr modernes Ferienhaus f\u00fcr Ihren Aufenthalt. Zu jeder H\u00fctte geh\u00f6rt eine grosse Terrasse, von der Sie eine sehr sch\u00f6ne Aussicht geniessen k\u00f6nnen. Sei es w\u00e4hrend eines gem\u00fctlichen Grillabends oder um einfach etwas in der Sonne zu liegen. <\/p><p><a href=\"https:\/\/skovmose-camping.dk\/wp-content\/uploads\/2016\/03\/IMG_4018.jpg\" target=\"_self\" itemprop=\"url\" rel=\"noopener\"><br \/><img decoding=\"async\" src=\"http:\/\/www.skovmose-camping.dk\/wp-content\/uploads\/2016\/03\/IMG_4018-1024x768.jpg\" alt=\"IMG_4018\" itemprop=\"image\" \/><br \/><\/a><\/p><p>Tv, DVD und Radio, sind nur einige der vielen Ausstattungen die sie bei ihrem auffenthalt in einer unserer Luxus H\u00fctten geniessen k\u00f6nnen. Mit eigenem Bad &#038; Dusche, sind Sie nicht darauf angewiesen zu den, f\u00fcr alle G\u00e4ste zu verf\u00fcgungstehenden Toiletten- und Duscheinrichtungen zu gehen.<\/p><p> Auch die K\u00fcche l\u00e4sst mit einem Glasskeramik-Herd, Warmluftofen und Geschirrsp\u00fcler keine W\u00fcnsche \u00fcbrig. Sollten Sie einen Tag mit mehreren Personen speisen &#8211; haben wir nat\u00fcrlich f\u00fcr ausreichend Geschirr gesorgt &#8211; so k\u00f6nnen Sie mit bis zu 12 Personen eine sch\u00f6ne Mahlzeit, an dem ebenfalls bereitgestelltem Esstisch geniessen.<\/p><p><\/p><p>Wusstest du schon&#8230;<\/p><h3>Das Hunde bei uns <em>willkommen<\/em> sind und das sogar <em>kostenlos<\/em>.<\/h3><p>F\u00fcr die Kinder<\/p><h2>H\u00fcpfende Piraten<\/h2><p>Auf unseren Spielplatz findet Ihr unter anderem ein H\u00fcpfkissen, Piratenschiff und nat\u00fcrlich auch ein Hamsterrad. Regelm\u00e4ssig werden Aktivit\u00e4ten, wie z.B. Stockbrot backen angeboten.<\/p><ul><li>Ostereiersuchen <strong>Nicht festgelegt (frage in der Rezeption nach)<\/strong><\/li><li>Stockbrot <strong>Einmal w\u00f6chentlich<\/strong><\/li><\/ul><p><a href=\"https:\/\/skovmose-camping.dk\/wp-content\/uploads\/2016\/03\/IMG_4071.jpg\" target=\"_self\" itemprop=\"url\" rel=\"noopener\"><br \/><img decoding=\"async\" src=\"http:\/\/www.skovmose-camping.dk\/CMS\/wp-content\/uploads\/2016\/03\/IMG_4071-1024x717.jpg\" alt=\"IMG_4071\" itemprop=\"image\" \/><br \/><\/a><br \/><img decoding=\"async\" src=\"http:\/\/www.skovmose-camping.dk\/wp-content\/uploads\/2016\/03\/13708255_944004085721891_7200382581315149272_o.jpg\" alt=\"13708255_944004085721891_7200382581315149272_o\" itemprop=\"image\" \/><\/p><p>Action f\u00fcr alle<\/p><h2>Angel, Surfen &amp; Segeln<\/h2><p><\/p><p>Kleine Wege am Rande der K\u00fcste laden zu idyllischen Fahrradtouren ein und auch Surfer, Angler und Segler kommen hier nicht zu kurz. Mit einem Volleyballnetz &#038; einer Badeinsel ist auch f\u00fcr die J\u00fcngeren Spass garantiert.<\/p><p>Die Angelm\u00f6glichkeiten auf Kegn\u00e6s sind immens und immer mehr Angler treibt es an unsere idyllische Ostk\u00fcste. Auf dem Platz an der Rezeption bekommen Sie die besten tipps und mehr information zum Bootsverleih.<\/p><p>Rufen Sie uns an +45 74 40 41 33<\/p><h2>Preise &amp; Platzplan<\/h2><p>Wir sind sehr stolz Ihnen die M\u00f6glichkeit geben zu k\u00f6nnen, sich an Alsens besten Strand ausruhen zu k\u00f6nnen. Die breite, weisse Sandfl\u00e4che und das klare Wasser in der Flensburger F\u00f6rde, gibt allen Altersklassen die M\u00f6glichkeit sich voll und ganz vergn\u00fcgen zu k\u00f6nnen.<\/p><table border=\"0\"><tbody><tr><th><h3>Luxush\u00fctten mit Bad<\/h3><\/th><th>Pro Nacht<\/th><th>7 N\u00e4chte<\/th><\/tr><tr><td>Vor- &#038; Nachsaison<\/td><td>50 \u20ac + Personengeb\u00fchren<\/td><td>350 \u20ac + Personengeb\u00fchren<\/td><\/tr><tr><td>Hauptsaison <em> (28.6- 30.8.2025)<\/em><\/td><td>&#8211;<\/td><td>455 \u20ac + Personengeb\u00fchren<\/td><\/tr><tr><\/tr><tr><th><\/br><\/p><h3>H\u00fctten ohne Bad<\/h3><\/th><th><\/th><th><\/th><\/tr><tr><td>Vor- &#038; Nachsaison<\/td><td>40 \u20ac + Geb\u00fchren<\/td><td>280 \u20ac + Geb\u00fchren<\/td><\/tr><tr><td>Hauptsaison <em> (28.6- 30.8.2025)<\/em><\/td><td>&#8211;<\/td><td>350 \u20ac + Geb\u00fchren<\/td><\/tr><tr><\/tr><tr><th><\/br><\/p><h3>Personengeb\u00fchren<\/h3><\/th><th colspan=\"2\"><\/th><\/tr><tr><td>Erwachsene<\/td><td colspan=\"2\">12 \u20ac<\/td><\/tr><tr><td>Kinder<\/td><td colspan=\"2\">5,50 \u20ac<\/td><\/tr><tr><th><\/br><\/p><h3>Camping<\/h3><\/th><th><\/th><th><\/th><\/tr><tr><td>Erwachsene<\/td><td>12 \u20ac<\/td><td><\/td><\/tr><tr><td>Kinder<\/td><td>5,50 \u20ac<\/td><td><\/td><\/tr><tr><td>Strom<\/td><td>5 \u20ac<\/td><td><\/td><\/tr><tr><td>Platzgeb\u00fchr<\/td><td>5 \u20ac<\/td><td><em>(nur in der Hochsaison) <\/em><em>(28.6- 30.8.2025)<\/em><\/td><\/tr><tr><th><h3>Saisonplatz<\/h3><\/th><th colspan=\"2\">1200 \u20ac \/Jahr exklusive Strom (0,83\u20ac \/kWh)<\/th><\/tr><\/tbody><\/table><p><a href=\"https:\/\/skovmose-camping.dk\/wp-content\/uploads\/2025\/04\/Pladsplan.pdf\" target=\"_self\" itemprop=\"url\" rel=\"noopener\"><br \/><img decoding=\"async\" src=\"https:\/\/skovmose-camping.dk\/wp-content\/uploads\/2025\/04\/Pladsplan-pdf.jpg\" alt=\"Pladsplan\" itemprop=\"image\" \/><br \/><\/a><\/p><p>Die wichtigen Informationen<\/p><h2>\u00d6ffnungs- &amp; Anreisezeiten<\/h2><p><b>H\u00fctten Anreise<\/b> ab 14:00 Uhr und Abreise bis 11:00 Uhr<\/br><br \/><b>Campingg\u00e4ste Anreise<\/b> ab 12:00 Uhr und Abreise bis 12:00 Uhr <\/br><br \/><\/br><b>\u00d6ffnungszeiten Rezeption<\/b><\/br><br \/>Vor- und Nachsaison <\/br>10:00 &#8211; 11:00 &#038; 15:00 &#8211; 16:00<\/br><\/br><br \/>Hauptsaison<\/br> 9:30 &#8211; 12:30 &#038; 14:00 &#8211; 17:00 <\/p><p>Ab in den Urlaub<\/p><h2>Buchungsanfrage<\/h2>\n<div class=\"wpcf7 no-js\" id=\"wpcf7-f10313-o1\" lang=\"de-DE\" dir=\"ltr\">\n<div class=\"screen-reader-response\"><p role=\"status\" aria-live=\"polite\" aria-atomic=\"true\"><\/p> <ul><\/ul><\/div>\n<form action=\"\/index.php\/wp-json\/wp\/v2\/pages\/40#wpcf7-f10313-o1\" method=\"post\" class=\"wpcf7-form init\" aria-label=\"Kontaktformular\" novalidate=\"novalidate\" data-status=\"init\">\n<div style=\"display: none;\">\n<input type=\"hidden\" name=\"_wpcf7\" value=\"10313\" \/>\n<input type=\"hidden\" name=\"_wpcf7_version\" value=\"5.9\" \/>\n<input type=\"hidden\" name=\"_wpcf7_locale\" value=\"de_DE\" \/>\n<input type=\"hidden\" name=\"_wpcf7_unit_tag\" value=\"wpcf7-f10313-o1\" \/>\n<input type=\"hidden\" name=\"_wpcf7_container_post\" value=\"0\" \/>\n<input type=\"hidden\" name=\"_wpcf7_posted_data_hash\" value=\"\" \/>\n<\/div>\n<p><label> Dein Name<br \/>\n<span class=\"wpcf7-form-control-wrap\" data-name=\"your-name\"><input size=\"40\" class=\"wpcf7-form-control wpcf7-text wpcf7-validates-as-required\" autocomplete=\"name\" aria-required=\"true\" aria-invalid=\"false\" value=\"\" type=\"text\" name=\"your-name\" \/><\/span> <\/label>\n<\/p>\n<p><label> Deine E-Mail-Adresse<br \/>\n<span class=\"wpcf7-form-control-wrap\" data-name=\"your-email\"><input size=\"40\" class=\"wpcf7-form-control wpcf7-email wpcf7-validates-as-required wpcf7-text wpcf7-validates-as-email\" autocomplete=\"email\" aria-required=\"true\" aria-invalid=\"false\" value=\"\" type=\"email\" name=\"your-email\" \/><\/span> <\/label>\n<\/p>\n<p><label> Deine Buchungsw\u00fcnsche<br \/>\n<span class=\"wpcf7-form-control-wrap\" data-name=\"your-message\"><textarea cols=\"40\" rows=\"10\" class=\"wpcf7-form-control wpcf7-textarea wpcf7-validates-as-required\" aria-required=\"true\" aria-invalid=\"false\" name=\"your-message\"><\/textarea><\/span> <\/label>\n<\/p>\n<p><label> Sicherheitsabfrage<br \/>\n<span class=\"wpcf7-form-control-wrap\" data-name=\"quiz-206\"><label><span class=\"wpcf7-quiz-label\">14+3?<\/span> <input size=\"40\" class=\"wpcf7-form-control wpcf7-quiz\" autocomplete=\"off\" aria-required=\"true\" aria-invalid=\"false\" type=\"text\" name=\"quiz-206\" \/><\/label><input type=\"hidden\" name=\"_wpcf7_quiz_answer_quiz-206\" value=\"4e7ea5dc7701ea2c5e9e3a897a819d29\" \/><\/span><br \/>\n<input class=\"wpcf7-form-control wpcf7-submit has-spinner\" type=\"submit\" value=\"Buchungsanfrage Senden\" \/><\/label>\n<\/p><div class=\"wpcf7-response-output\" aria-hidden=\"true\"><\/div>\n<\/form>\n<\/div>\n<\/div>","protected":false},"excerpt":{"rendered":"<p>Entspannung &amp; Spass f\u00fcr die ganze familieStrand Camping am sch\u00f6nsten Strand D\u00e4nemarksSaison 202528.3.2025 &#8211; 14.9.2025UnterkunftLuxus H\u00fcttenJede der Luxus H\u00fctten ist 25 Quadratmeter gross und f\u00fcr bis zu 7 personen eingerichtet. Wenn sie eine Luxus H\u00fctte auf Skovmose Camping mieten, bekommen &hellip;<\/p>\n","protected":false},"author":1,"featured_media":0,"parent":0,"menu_order":0,"comment_status":"closed","ping_status":"closed","template":"","meta":{"footnotes":""},"_links":{"self":[{"href":"https:\/\/skovmose-camping.dk\/index.php\/wp-json\/wp\/v2\/pages\/40"}],"collection":[{"href":"https:\/\/skovmose-camping.dk\/index.php\/wp-json\/wp\/v2\/pages"}],"about":[{"href":"https:\/\/skovmose-camping.dk\/index.php\/wp-json\/wp\/v2\/types\/page"}],"author":[{"embeddable":true,"href":"https:\/\/skovmose-camping.dk\/index.php\/wp-json\/wp\/v2\/users\/1"}],"replies":[{"embeddable":true,"href":"https:\/\/skovmose-camping.dk\/index.php\/wp-json\/wp\/v2\/comments?post=40"}],"version-history":[{"count":60,"href":"https:\/\/skovmose-camping.dk\/index.php\/wp-json\/wp\/v2\/pages\/40\/revisions"}],"predecessor-version":[{"id":13332,"href":"https:\/\/skovmose-camping.dk\/index.php\/wp-json\/wp\/v2\/pages\/40\/revisions\/13332"}],"wp:attachment":[{"href":"https:\/\/skovmose-camping.dk\/index.php\/wp-json\/wp\/v2\/media?parent=40"}],"curies":[{"name":"wp","href":"https:\/\/api.w.org\/{rel}","templated":true}]}}